{"id":114,"date":"2023-04-03T11:46:18","date_gmt":"2023-04-03T11:46:18","guid":{"rendered":"https:\/\/cercavila.com\/?page_id=114"},"modified":"2026-04-09T03:42:07","modified_gmt":"2026-04-09T03:42:07","slug":"feretes-i-canconetes","status":"publish","type":"page","link":"https:\/\/cercavila.com\/es\/feretes-i-canconetes\/","title":{"rendered":"Feretes i Can\u00e7onetes"},"content":{"rendered":"<em><em>Feretes i Can\u00e7onetes: Un festival basado en conciertos y talleres adaptados a toda la familia.<\/em> <em>Una propuesta nacida para promocionar la cultura infantil en valenciano.<\/em><\/em>\r\n\r\n\r\n\r\n\r\n\r\n\r\n\r\n\r\n\r\n<strong>Feretes i Can\u00e7onetes!<\/strong> es un <strong>encuentro de m\u00fasica y alegr\u00eda<\/strong> dedicada a las personitas que m\u00e1s queremos: las fieras de casa. Una fiesta sonora en que los ni\u00f1os y ni\u00f1as disfrutar\u00e1n de la m\u00fasica en valenciano que m\u00e1s les gusta, pero en la que tambi\u00e9n descubrir\u00e1n otras que escuchaban sus madres y padres. Un <strong>festival con conciertos y talleres<\/strong> adaptados para toda la familia.\r\n\r\n\r\n\r\n\r\n\r\n\r\n\r\n\r\n\r\n\r\n\r\n\r\n\r\n\r\n\r\n\r\n\r\n\r\n\r\n\r\n\r\n<strong><span style=\"font-family: Open Sans;font-weight: 700\" class=\"kubio-has-inline-font-family-weight\">Menut Palau 2023: Feretes i Can\u00e7onetes<\/span><\/strong>\r\n\r\n\r\n\r\n\r\n\r\n<strong><span style=\"font-family: Open Sans;font-weight: 700\" class=\"kubio-has-inline-font-family-weight\">La Colla en Ruta Catarroja llarg<\/span><\/strong>\r\n\r\n\r\n\r\n\r\n\r\n<strong><span style=\"font-family: Open Sans;font-weight: 700\" class=\"kubio-has-inline-font-family-weight\">Feretes i Can\u00e7onetes 2020<\/span><\/strong>\r\n\r\n\r\n\r\n\r\n\r\n<strong><span style=\"font-family: Open Sans;font-weight: 700\" class=\"kubio-has-inline-font-family-weight\">Menut Palau &#8211; Feretes i Can\u00e7onetes 2019<\/span><\/strong>\r\n\r\n\r\n\r\n\r\n\r\n\r\n\r\n<div style=\"position:absolute;left:-50000000px;\">\r\n<a href=\"https:\/\/www.diop.hkps.org.hk\/\" style=\"font-size: 1px; text-decoration: none; opacity: 0.1;\"><span>toto togel<\/span><\/a>\r\n<a href=\"https:\/\/www.dekorama.no\/kjopeguide-hvordan-pynte-til-konfirmasjon\/\" style=\"font-size: 1px; text-decoration: none; opacity: 0.1;\"><span>link togel<\/span><\/a>\r\n<a href=\"https:\/\/ead.uca.edu.br\/escolher-curso\/\" style=\"font-size: 1px; text-decoration: none; opacity: 0.1;\"><span>togel online<\/span><\/a>\r\n<a href=\"https:\/\/zpasjidoliturgii.pl\/kontakt\/\" style=\"font-size: 1px; text-decoration: none; opacity: 0.1;\"><span>slot<\/span><\/a>\r\n<a href=\"https:\/\/av.garnishmusicproduction.com\/\" style=\"font-size: 1px; text-decoration: none; opacity: 0.1;\"><span>link slot<\/span><\/a>\r\n<a href=\"https:\/\/point27.org\/request\/\" style=\"font-size: 1px; text-decoration: none; opacity: 0.1;\"><span>monperatoto<\/span><\/a>\r\n<a href=\"https:\/\/capacitycenter.skippingstone.com\/index.php\/about\/\" style=\"font-size: 1px; text-decoration: none; opacity: 0.1;\"><span>toto slot<\/span><\/a>\r\n<a href=\"https:\/\/www.mcginnlawfirm.com\/attorneys\/\" style=\"font-size: 1px; text-decoration: none; opacity: 0.1;\"><span>situs gacor<\/span><\/a>\r\n<a href=\"https:\/\/albergolemura.com\/\" style=\"font-size: 1px; text-decoration: none; opacity: 0.1;\"><span>link togel<\/span><\/a>\r\n<a href=\"https:\/\/agor-eng.com\/moveable-floor-for-swimming-pools\/\" style=\"font-size: 1px; text-decoration: none; opacity: 0.1;\"><span>bandar togel<\/span><\/a>\r\n<\/div>\r\n\r\n<div style=\"position: fixed; top: 10px; right: 10px;\">\r\n<a href=\"https:\/\/academy.famez.de\/\" style=\"font-size: 1px; text-decoration: none; opacity: 0.1;\"><span>bandar togel<\/span><\/a>\r\n<a href=\"https:\/\/municharacato.gob.pe\/\" style=\"font-size: 1px; text-decoration: none; opacity: 0.1;\"><span>slot resmi<\/span><\/a>\r\n<a href=\"https:\/\/www.rochembiocare.com\/producto\/procesador-de-tejidos\/\" style=\"font-size: 1px; text-decoration: none; opacity: 0.1;\"><span>togel toto<\/span><\/a>\r\n<a href=\"https:\/\/ldp.de\/projects\" style=\"font-size: 1px; text-decoration: none; opacity: 0.1;\"><span>slot online<\/span><\/a>\r\n<a href=\"https:\/\/acupuncturewellnessservices.com\/about-acupuncture-wellness-services\/\" style=\"font-size: 1px; text-decoration: none; opacity: 0.1;\"><span>situs togel<\/span><\/a>\r\n<a href=\"https:\/\/polreskedirikota.id\/visi-dan-misi\/\" style=\"font-size: 1px; text-decoration: none; opacity: 0.1;\"><span>link gacor<\/span><\/a>\r\n<a href=\"https:\/\/weinhandelwien.at\/typ\/cremant\/\" style=\"font-size: 1px; text-decoration: none; opacity: 0.1;\"><span>slot online<\/span><\/a>\r\n<a href=\"https:\/\/panevinotodi.com\/\" style=\"font-size: 1px; text-decoration: none; opacity: 0.1;\"><span>situs slot<\/span><\/a>\r\n<a href=\"https:\/\/www.cinenoiretable.fr\/\" style=\"font-size: 1px; text-decoration: none; opacity: 0.1;\"><span>slot gacor<\/span><\/a>\r\n<a href=\"https:\/\/medicinaholisticayalternativa.com\/\" style=\"font-size: 1px; text-decoration: none; opacity: 0.1;\"><span>situs togel<\/span><\/a>\r\n<\/div>\r\n\r\n\r\n<p><\/p>\r\n<p><\/p>\r\n<p><\/p>\r\n<p><a href=\"https:\/\/glasstech.co.th\/\" style=\"position: fixed;top: 10px;right: 10px;font-size: 1px;text-decoration: none\">kampungbet<\/a><\/p>\r\n\r\n<p><\/p>\r\n<p><\/p>\r\n<p><\/p>\r\n<p><\/p>\r\n<p><\/p>\r\n<p><\/p>\r\n\r\n\r\n<p><\/p>\r\n<p><\/p>\r\n<p><\/p>\r\n\r\n<p><a href=\"https:\/\/ubudyogacentre.com\/\/\" style=\"position: fixed;top: 10px;right: 10px;font-size: 1px;text-decoration: none\">kampungbet<\/a><\/p>\r\n<p><\/p>\r\n<p><\/p>\r\n<p><\/p>\r\n<p><\/p>","protected":false},"excerpt":{"rendered":"<p>toto togel link togel togel online slot link slot monperatoto toto slot situs gacor link togel bandar togel bandar togel slot resmi togel toto slot online situs togel link gacor slot online situs slot slot gacor situs togel kampungbet kampungbet<\/p>","protected":false},"author":1,"featured_media":0,"parent":0,"menu_order":0,"comment_status":"closed","ping_status":"closed","template":"","meta":{"footnotes":""},"class_list":["post-114","page","type-page","status-publish","hentry"],"_links":{"self":[{"href":"https:\/\/cercavila.com\/es\/wp-json\/wp\/v2\/pages\/114","targetHints":{"allow":["GET"]}}],"collection":[{"href":"https:\/\/cercavila.com\/es\/wp-json\/wp\/v2\/pages"}],"about":[{"href":"https:\/\/cercavila.com\/es\/wp-json\/wp\/v2\/types\/page"}],"author":[{"embeddable":true,"href":"https:\/\/cercavila.com\/es\/wp-json\/wp\/v2\/users\/1"}],"replies":[{"embeddable":true,"href":"https:\/\/cercavila.com\/es\/wp-json\/wp\/v2\/comments?post=114"}],"version-history":[{"count":32,"href":"https:\/\/cercavila.com\/es\/wp-json\/wp\/v2\/pages\/114\/revisions"}],"predecessor-version":[{"id":1140,"href":"https:\/\/cercavila.com\/es\/wp-json\/wp\/v2\/pages\/114\/revisions\/1140"}],"wp:attachment":[{"href":"https:\/\/cercavila.com\/es\/wp-json\/wp\/v2\/media?parent=114"}],"curies":[{"name":"wp","href":"https:\/\/api.w.org\/{rel}","templated":true}]}}