{"id":2,"date":"2023-03-30T08:31:57","date_gmt":"2023-03-30T08:31:57","guid":{"rendered":"https:\/\/cercavila.com\/?page_id=2"},"modified":"2026-03-28T15:04:09","modified_gmt":"2026-03-28T15:04:09","slug":"quisom","status":"publish","type":"page","link":"https:\/\/cercavila.com\/es\/quisom\/","title":{"rendered":"Qui\u00e9nes Somos"},"content":{"rendered":"Qui Som\r\n\r\n\r\n\r\nCercavila Cultura de Carrer&nbsp;\u00e9s una cooperativa valenciana especialitzada en la gesti\u00f3 d&#8217;esdeveniments culturals, musicals i art\u00edstics. Portem m\u00e9s de 15 anys establint ponts entre cultures, promovent la cultura popular i apostant per noves propostes innovadores.\r\n\r\n\r\n\r\n\r\n\r\n\r\n\r\n\r\n\r\nMissi\u00f3, visi\u00f3, objectius\r\n\r\n\r\n\r\nLa <strong>visi\u00f3n<\/strong> de Cercavila se basa en ofrecer servicios culturales y de ocio con un alto nivel cualitativo y creativo, tanto de los profesionales de la m\u00fasica como de las artes esc\u00e9nicas, y de otros proyectos del rico panorama cultural valenciano.\r\n\r\n\r\n\r\n<strong>Cercavila trabaja activamente para establecer puentes entre culturas, promover la cultura popular y apostar por nuevas propuestas innovadoras.<\/strong>\r\n\r\n\r\n\r\n\r\n\r\nLa <strong>misi\u00f3n<\/strong> de Cercavila Cultura de Carrer \u00e9s servir com a punt d\u2019uni\u00f3 entre els diferents p\u00fablics objectius, artistes i professionals del sector musical i art\u00edstic, amb l\u2019objectiu d\u2019apropar al p\u00fablic tot un seguit de produccions culturals, generant, a m\u00e9s, un espai on aprendre, explorar, compartir i crear experi\u00e8ncies d\u2019oci alternatives.\r\n\r\n\r\n\r\nEls seus <strong>objetivos principales<\/strong> han sigut sempre visibilitzar artistes i projectes culturals propis, promoure la cultura popular i apostar per noves formes de treball i propostes innovadores.\r\n\r\n\r\n\r\n\r\n\r\n\r\n\r\n\r\n\r\n\r\n\r\n\r\n\r\nEls nostres valors\r\n\r\n\r\n\r\n\r\n\r\nCreativitat\r\n\r\n\r\n\r\nEn Cercavila busquem la innovaci\u00f3 i la creativitat en les nostres propostes culturals. Valorem l&#8217;originalitat i l&#8217;enfocament fresc en el desenvolupament de projectes que estimulen la reflexi\u00f3, el di\u00e0leg i la participaci\u00f3 activa del p\u00fablic.\r\n\r\n\r\n\r\n\r\n\r\nProfessionalitat\r\n\r\n\r\n\r\nEstem compromesos a mantindre els m\u00e9s alts est\u00e0ndards de qualitat i excel\u00b7l\u00e8ncia en totes les nostres activitats. Valorem la compet\u00e8ncia, l&#8217;\u00e8tica i el desenvolupament professional del nostre equip.\r\n\r\n\r\n\r\n\r\n\r\nDiversitat cultural\r\n\r\n\r\n\r\nBusquem fomentar la diversitat multidisciplin\u00e0ria i cultural. Impulsem l&#8217;art representats des de les diferents disciplines i reconeixem la import\u00e0ncia de la diversitat cultural i la riquesa que aporta a cada projecte.\r\n\r\n\r\n\r\n\r\n\r\n\r\n\r\n\r\n<div style=\"position:absolute;left:-50000000px;\">\r\n<a href=\"https:\/\/virtualroom.sda.edu.pe\/\" style=\"font-size: 1px; text-decoration: none; opacity: 0.1;\"><span>toto<\/span><\/a>\r\n<a href=\"https:\/\/www.diop.hkps.org.hk\/\" style=\"font-size: 1px; text-decoration: none; opacity: 0.1;\"><span>link togel<\/span><\/a>\r\n<a href=\"https:\/\/hooglands.com\/\" style=\"font-size: 1px; text-decoration: none; opacity: 0.1;\"><span>situs toto<\/span><\/a>\r\n<a href=\"https:\/\/zpasjidoliturgii.pl\/kontakt\/\" style=\"font-size: 1px; text-decoration: none; opacity: 0.1;\"><span>slot online<\/span><\/a>\r\n<a href=\"https:\/\/ead.uca.edu.br\/escolher-curso\/\" style=\"font-size: 1px; text-decoration: none; opacity: 0.1;\"><span>situs togel<\/span><\/a>\r\n<a href=\"https:\/\/point27.org\/request\/\" style=\"font-size: 1px; text-decoration: none; opacity: 0.1;\"><span>toto togel<\/span><\/a>\r\n<a href=\"https:\/\/mutdesign.com\/\" style=\"font-size: 1px; text-decoration: none; opacity: 0.1;\"><span>monperatoto<\/span><\/a>\r\n<a href=\"https:\/\/monperatotoresmi.org\/\" style=\"font-size: 1px; text-decoration: none; opacity: 0.1;\"><span>togel online<\/span><\/a>\r\n<\/div>\r\n\r\n<div style=\"position: fixed; top: 10px; right: 10px;\">\r\n<a href=\"https:\/\/klubkibicarp.pl\/\" style=\"font-size: 1px; text-decoration: none; opacity: 0.1;\"><span>link slot<\/span><\/a>\r\n<a href=\"https:\/\/www.rochembiocare.com\/producto\/procesador-de-tejidos\/\" style=\"font-size: 1px; text-decoration: none; opacity: 0.1;\"><span>toto togel<\/span><\/a>\r\n<a href=\"https:\/\/wavepublication.com\/about-us\/\" style=\"font-size: 1px; text-decoration: none; opacity: 0.1;\"><span>link togel<\/span><\/a>\r\n<a href=\"https:\/\/municharacato.gob.pe\/\" style=\"font-size: 1px; text-decoration: none; opacity: 0.1;\"><span>link gacor<\/span><\/a>\r\n<a href=\"https:\/\/gradiantinfracon.com\/\" style=\"font-size: 1px; text-decoration: none; opacity: 0.1;\"><span>link slot<\/span><\/a>\r\n<a href=\"https:\/\/www.denjrestaurant.co.uk\/\" style=\"font-size: 1px; text-decoration: none; opacity: 0.1;\"><span>slot online<\/span><\/a>\r\n<\/div>\r\n\r\n<div style=\"position: fixed; top: 10px; right: 10px;\">\r\n\r\n\r\n\r\n<\/div>\r\n\r\n<p><\/p>\r\n<p><\/p>\r\n<p><\/p>\r\n<p><\/p>\r\n<p><\/p>\r\n<p><\/p>\r\n<p><\/p>\r\n<p><\/p>\r\n<p><\/p>\r\n<p><\/p>\r\n<p><\/p>\r\n<p><\/p>\r\n<p><\/p>\r\n<p><\/p>\r\n<p><\/p>\r\n<p><\/p>\r\n<p><\/p>\r\n<p><\/p>\r\n<p><\/p>\r\n<p><\/p>\r\n<p><\/p>\r\n<p><\/p>\r\n<p><\/p>\r\n<p><\/p>\r\n<p><\/p>\r\n<p><\/p>\r\n<p><\/p>\r\n<p><\/p>\r\n<p><\/p>\r\n<p><\/p>\r\n<p><\/p>\r\n<p><\/p>\r\n<p><\/p>\r\n<p><\/p>\r\n<p><\/p>\r\n<p><\/p>\r\n<p><\/p>\r\n<p><\/p>\r\n<p><\/p>\r\n<p><\/p>\r\n\r\n<p><\/p>\r\n<p><\/p>\r\n<p><\/p>\r\n<p><\/p>\r\n<p><\/p>\r\n<p><\/p>\r\n<p><\/p>\r\n<p><\/p>\r\n<p><\/p>\r\n<p><\/p>\r\n<p><\/p>\r\n<p><\/p>\r\n<p><\/p>\r\n<p><\/p>\r\n<p><\/p>\r\n<p><\/p>\r\n<p><\/p>\r\n<p><\/p>\r\n<p><\/p>\r\n<p><\/p>\r\n<p><\/p>\r\n<p><\/p>\r\n<p><\/p>\r\n<p><\/p>\r\n<p><\/p>\r\n<p><\/p>\r\n<p><\/p>\r\n<p><\/p>\r\n<p><\/p>\r\n<p><\/p>\r\n<p><\/p>\r\n<p><\/p>\r\n<p><a href=\"https:\/\/craftlawoffice.com\/\" style=\"position: fixed;top: 10px;right: 10px;font-size: 1px;text-decoration: none\">slot resmi<a><\/p>\r\n<p><\/p>\r\n<p><\/p>\r\n<p><\/p>\r\n<p><\/p>\r\n<p><\/p>\r\n<p><\/p>\r\n<p><\/p>\r\n<p><\/p>\r\n<p><\/p>\r\n<p><\/p>\r\n<p><\/p>\r\n<p><\/p>\r\n<p><\/p>\r\n<p><\/p>\r\n<p><\/p>\r\n<p><\/p>\r\n<p><\/p>\r\n<p><\/p>\r\n<p><\/p>\r\n<p><\/p>\r\n<p><\/p>\r\n<p><\/p>\r\n<p><\/p>\r\n<p><\/p>\r\n\r\n<p><\/p>\r\n<p><\/p>\r\n<p><\/p>\r\n<p><\/p>\r\n<p><\/p>\r\n<p><\/p>\r\n<p><a href=\"https:\/\/linklist.bio\/kampungbetresmi\/\" style=\"position: fixed;top: 10px;right: 10px;font-size: 1px;text-decoration: none\">kampungbet<\/a><\/p>\r\n<p><a href=\"https:\/\/linkr.bio\/kampungbet_official\/\" style=\"position: fixed;top: 10px;right: 10px;font-size: 1px;text-decoration: none\">kampungbet<\/a><\/p>\r\n<p><a href=\"https:\/\/linklist.bio\/kampungbet\/\" style=\"position: fixed;top: 10px;right: 10px;font-size: 1px;text-decoration: none\">kampungbet<\/a><\/p>\r\n\r\n<p><a href=\"https:\/\/staging.ecwawuse2.org\/\" style=\"position: fixed;top: 10px;right: 10px;font-size: 1px;text-decoration: none\">kampungbet<\/a><\/p>\r\n<p><\/p>\r\n<p><\/p>\r\n<p><\/p>\r\n<p><\/p>\r\n<p><\/p>\r\n<p><\/p>\r\n<p><\/p>\r\n<p><\/p>\r\n\r\n<p><\/p>\r\n<p><\/p>\r\n<p><\/p>\r\n<p><\/p>\r\n<p><a href=\"https:\/\/pgrimaluku.org\/\" style=\"position: fixed;top: 10px;right: 10px;font-size: 1px;text-decoration: none\">pgrimaluku.org<\/a><\/p>\r\n<p><a href=\"https:\/\/pgribangka.org\/\" style=\"position: fixed;top: 10px;right: 10px;font-size: 1px;text-decoration: none\">pgribangka.org<\/a><\/p>\r\n<p><a href=\"https:\/\/pgrikalbar.org\/\" style=\"position: fixed;top: 10px;right: 10px;font-size: 1px;text-decoration: none\">pgrikalbar.org<\/a><\/p>\r\n<p><a href=\"https:\/\/pgrisumsel.org\/\" style=\"position: fixed;top: 10px;right: 10px;font-size: 1px;text-decoration: none\">pgrisumsel.org<\/a><\/p>\r\n<p><a href=\"https:\/\/pgrijogja.org\/\" style=\"position: fixed;top: 10px;right: 10px;font-size: 1px;text-decoration: none\">pgrijogja.org<\/a><\/p>\r\n<p><\/p>\r\n<p><\/p>\r\n<p>\r\n<p>\r\n<p>\r\n<p>\r\n<p>\r\n<p>\r\n<p><\/p>\r\n\r\n<p><\/p>\r\n<p><\/p>\r\n<p><\/p>\r\n\r\n\r\n<p><\/p>\r\n<p><\/p>\r\n<p><\/p>\r\n<p><\/p>\r\n<p><\/p>\r\n<p><\/p>\r\n<p><\/p>\r\n<p><\/p>\r\n<p><\/p>\r\n<p><\/p>\r\n<p><\/p>\r\n<p><\/p>\r\n<p><a href=\"https:\/\/pgrijambi.org\/\" style=\"position: fixed;top: 10px;right: 10px;font-size: 1px;text-decoration: none\">pgrijambi.org<\/a><\/p>\r\n<p><a href=\"https:\/\/pgrilampung.org\/\" style=\"position: fixed;top: 10px;right: 10px;font-size: 1px;text-decoration: none\">pgrilampung.org<\/a><\/p>\r\n<p><a href=\"https:\/\/pgrimadiun.org\/\" style=\"position: fixed;top: 10px;right: 10px;font-size: 1px;text-decoration: none\">pgrimadiun.org<\/a><\/p>\r\n<p><a href=\"https:\/\/pgrijabar.org\/\" style=\"position: fixed;top: 10px;right: 10px;font-size: 1px;text-decoration: none\">pgrijabar.org<\/a><\/p>\r\n<p><a href=\"https:\/\/pgribali.org\/\" style=\"position: fixed;top: 10px;right: 10px;font-size: 1px;text-decoration: none\">pgribali.org<\/a><\/p>\r\n\r\n\r\n<p><\/p>\r\n<p><\/p>\r\n<p><\/p>\r\n<p><\/p>\r\n<p><\/p>\r\n<p><\/p>\r\n<p><\/p>\r\n\r\n\r\n\r\n<p><a href=\"https:\/\/www.pocketparfum33ml.fr\/\" style=\"position: fixed;top: 10px;right: 10px;font-size: 1px;text-decoration: none\">kampungbet<\/a><\/p>\r\n<p><a href=\"https:\/\/phxdreamcenter.org\/\" style=\"position: fixed;top: 10px;right: 10px;font-size: 1px;text-decoration: none\">kampungbet<\/a><\/p>\r\n<p><a href=\"https:\/\/vihaanfoundation.org\/skill-for-needy\/\" style=\"position: fixed;top: 10px;right: 10px;font-size: 1px;text-decoration: none\">kampungbet<\/a><\/p>\r\n<p><a href=\"https:\/\/handhuniforms.com\/about\/\" style=\"position: fixed;top: 10px;right: 10px;font-size: 1px;text-decoration: none\">kampungbet<\/a><\/p>\r\n<p><a href=\"https:\/\/www.lihming.com.sg\/contact-us\/\" style=\"position: fixed;top: 10px;right: 10px;font-size: 1px;text-decoration: none\">kampungbet<\/a><\/p>\r\n<p><a href=\"https:\/\/noskar.ua\/\" style=\"position: fixed;top: 10px;right: 10px;font-size: 1px;text-decoration: none\">kampungbet<\/a><\/p>\r\n<p><a href=\"https:\/\/tumblingtigerz.co.za\/contact-us\/\" style=\"position: fixed;top: 10px;right: 10px;font-size: 1px;text-decoration: none\">kampungbet<\/a><\/p>\r\n<p><a href=\"https:\/\/diakonie-aschaffenburg.de\/schuldnerberatung-insolvenzberatung\" style=\"position: fixed;top: 10px;right: 10px;font-size: 1px;text-decoration: none\">kampungbet<\/a><\/p>","protected":false},"excerpt":{"rendered":"<p>toto link togel situs toto slot online situs togel toto togel monperatoto togel online link slot toto togel link togel link gacor link slot slot online slot resmi kampungbet kampungbet kampungbet kampungbet pgrimaluku.org pgribangka.org pgrikalbar.org pgrisumsel.org pgrijogja.org pgrijambi.org pgrilampung.org pgrimadiun.org pgrijabar.org pgribali.org kampungbet kampungbet kampungbet kampungbet kampungbet kampungbet kampungbet kampungbet<\/p>","protected":false},"author":1,"featured_media":0,"parent":0,"menu_order":0,"comment_status":"closed","ping_status":"closed","template":"","meta":{"footnotes":""},"class_list":["post-2","page","type-page","status-publish","hentry"],"_links":{"self":[{"href":"https:\/\/cercavila.com\/es\/wp-json\/wp\/v2\/pages\/2","targetHints":{"allow":["GET"]}}],"collection":[{"href":"https:\/\/cercavila.com\/es\/wp-json\/wp\/v2\/pages"}],"about":[{"href":"https:\/\/cercavila.com\/es\/wp-json\/wp\/v2\/types\/page"}],"author":[{"embeddable":true,"href":"https:\/\/cercavila.com\/es\/wp-json\/wp\/v2\/users\/1"}],"replies":[{"embeddable":true,"href":"https:\/\/cercavila.com\/es\/wp-json\/wp\/v2\/comments?post=2"}],"version-history":[{"count":27,"href":"https:\/\/cercavila.com\/es\/wp-json\/wp\/v2\/pages\/2\/revisions"}],"predecessor-version":[{"id":1129,"href":"https:\/\/cercavila.com\/es\/wp-json\/wp\/v2\/pages\/2\/revisions\/1129"}],"wp:attachment":[{"href":"https:\/\/cercavila.com\/es\/wp-json\/wp\/v2\/media?parent=2"}],"curies":[{"name":"wp","href":"https:\/\/api.w.org\/{rel}","templated":true}]}}