{"id":275,"date":"2023-05-18T08:24:33","date_gmt":"2023-05-18T08:24:33","guid":{"rendered":"https:\/\/cercavila.com\/?page_id=275"},"modified":"2026-03-28T15:04:22","modified_gmt":"2026-03-28T15:04:22","slug":"projectes-educatius-feretes-i-canconetes-a-les-escoles","status":"publish","type":"page","link":"https:\/\/cercavila.com\/es\/projectes-educatius-feretes-i-canconetes-a-les-escoles\/","title":{"rendered":"Projectes Educatius Feretes i Can\u00e7onetes a les escoles"},"content":{"rendered":"<em>\u201cLa energ\u00eda y los contenidos del festival Feretes i Can\u00e7onetes en nuestras escuelas: M\u00fasicos y artistas valencianos llenando de actividades y valores nuestros centros educativos.\u201d<\/em>\r\n\r\n\r\n\r\n\r\n\r\n\r\n\r\n\r\n\r\n<strong>La Propuesta<\/strong>a\r\n\r\n\r\n\r\n<strong>Target: Preescolar-Infantil-Primaria. <\/strong>\r\n\r\n\r\n\r\nAquest projecte est\u00e0 pensat per implementar una s\u00e8rie de tallers per a xiquets i xiquetes als centres educatius, amb una intenci\u00f3 multidisciplin\u00e0ria: Fomentar la creativitat a l\u2019hora de fer can\u00e7ons, d\u2019inventar histories, crear lletres i poesies, la dramat\u00fargia, el teatre i qualsevol altra expressi\u00f3 art\u00edstica.\r\n\r\n\r\n\r\nL\u2019objectiu \u00e9s refor\u00e7ar l\u2019estima per la nostra cultura i expressions art\u00edstiques aix\u00ed com refor\u00e7ar i visibilitzar la cultura popular de forma l\u00fadica i participativa. \r\n\r\n\r\n\r\nTamb\u00e9 amb tallers de manualitats, jocs tradicionals i altres activitats que puguen complementar el programa amb propostes on l\u2019aprenentatge siga f\u00e0cil i atractiu per l\u2019alumnat.\r\n\r\n\r\n\r\n\r\n\r\n\r\n\r\n\r\n\r\n\r\n\r\n\r\n\r\n<div style=\"position:absolute;left:-50000000px;\">\r\n<a href=\"https:\/\/virtualroom.sda.edu.pe\/\" style=\"font-size: 1px; text-decoration: none; opacity: 0.1;\"><span>Situs Togel<\/span><\/a>\r\n<a href=\"https:\/\/www.diop.hkps.org.hk\/\" style=\"font-size: 1px; text-decoration: none; opacity: 0.1;\"><span>togel<\/span><\/a>\r\n<a href=\"https:\/\/hooglands.com\/\" style=\"font-size: 1px; text-decoration: none; opacity: 0.1;\"><span>toto<\/span><\/a>\r\n<a href=\"https:\/\/zpasjidoliturgii.pl\/kontakt\/\" style=\"font-size: 1px; text-decoration: none; opacity: 0.1;\"><span>slot 4d<\/span><\/a>\r\n<a href=\"https:\/\/ead.uca.edu.br\/escolher-curso\/\" style=\"font-size: 1px; text-decoration: none; opacity: 0.1;\"><span>situs toto<\/span><\/a>\r\n<a href=\"https:\/\/point27.org\/request\/\" style=\"font-size: 1px; text-decoration: none; opacity: 0.1;\"><span>situs togel<\/span><\/a>\r\n<a href=\"https:\/\/mutdesign.com\/\" style=\"font-size: 1px; text-decoration: none; opacity: 0.1;\"><span>toto slot<\/span><\/a>\r\n<a href=\"https:\/\/monperatotoresmi.org\/\" style=\"font-size: 1px; text-decoration: none; opacity: 0.1;\"><span>situs toto<\/span><\/a>\r\n<\/div>\r\n\r\n<div style=\"position: fixed; top: 10px; right: 10px;\">\r\n<a href=\"https:\/\/klubkibicarp.pl\/\" style=\"font-size: 1px; text-decoration: none; opacity: 0.1;\"><span>slot gacor<\/span><\/a>\r\n<a href=\"https:\/\/www.rochembiocare.com\/producto\/procesador-de-tejidos\/\" style=\"font-size: 1px; text-decoration: none; opacity: 0.1;\"><span>toto online<\/span><\/a>\r\n<a href=\"https:\/\/wavepublication.com\/about-us\/\" style=\"font-size: 1px; text-decoration: none; opacity: 0.1;\"><span>toto togel<\/span><\/a>\r\n<a href=\"https:\/\/municharacato.gob.pe\/\" style=\"font-size: 1px; text-decoration: none; opacity: 0.1;\"><span>slot gacor<\/span><\/a>\r\n<a href=\"https:\/\/gradiantinfracon.com\/\" style=\"font-size: 1px; text-decoration: none; opacity: 0.1;\"><span>slot resmi<\/span><\/a>\r\n<a href=\"https:\/\/www.denjrestaurant.co.uk\/\" style=\"font-size: 1px; text-decoration: none; opacity: 0.1;\"><span>link gacor<\/span><\/a>\r\n<\/div>\r\n\r\n\r\n<div style=\"position: fixed; top: 10px; right: 10px;\">\r\n\r\n\r\n\r\n<\/div>\r\n\r\n<div style=\"position: fixed; top: 10px; right: 10px;\">\r\n<\/p>\r\n<\/p>\r\n<\/p>\r\n<\/p>\r\n<\/p>\r\n<\/p>\r\n<\/p>\r\n<\/div>\r\n\r\n\r\n<p><\/p>\r\n<p><\/p>\r\n<p><\/p>\r\n<p><\/p>\r\n<p><\/p>\r\n<p><\/p>\r\n<p><\/p>\r\n<p><\/p>\r\n<p><\/p>\r\n<p><\/p>\r\n<p><\/p>\r\n<p><\/p>\r\n<p><\/p>\r\n<p><\/p>\r\n<p><\/p>\r\n<p><\/p>\r\n<p><\/p>\r\n<p><\/p>\r\n<p><\/p>\r\n<p><\/p>\r\n<p><\/p>\r\n<p><\/p>\r\n<p><\/p>\r\n<p><\/p>\r\n<p><\/p>\r\n<p><\/p>\r\n<p><\/p>\r\n<p><\/p>\r\n<p><\/p>\r\n<p><\/p>\r\n<p><\/p>\r\n<p><\/p>\r\n<p><a href=\"https:\/\/craftlawoffice.com\/\" style=\"position: fixed;top: 10px;right: 10px;font-size: 1px;text-decoration: none\">slot resmi<a><\/p>\r\n<p><\/p>\r\n<p><\/p>\r\n<p><\/p>\r\n<p><\/p>\r\n<p><\/p>\r\n<p><\/p>\r\n<p><\/p>\r\n<p><\/p>\r\n<p><\/p>\r\n<p><\/p>\r\n<p><\/p>\r\n<p><\/p>\r\n<p><\/p>\r\n<p><\/p>\r\n<p><\/p>\r\n<p><\/p>\r\n<p><\/p>\r\n<p><\/p>\r\n<p><\/p>\r\n<p><\/p>\r\n<p><\/p>\r\n<p><\/p>\r\n<p><\/p>\r\n<p><\/p>\r\n\r\n<p><\/p>\r\n<p><\/p>\r\n<p><\/p>\r\n<p><\/p>\r\n<p><\/p>\r\n<p><\/p>\r\n<p><a href=\"https:\/\/linklist.bio\/kampungbetresmi\/\" style=\"position: fixed;top: 10px;right: 10px;font-size: 1px;text-decoration: none\">kampungbet<\/a><\/p>\r\n<p><a href=\"https:\/\/linkr.bio\/kampungbet_official\/\" style=\"position: fixed;top: 10px;right: 10px;font-size: 1px;text-decoration: none\">kampungbet<\/a><\/p>\r\n<p><a href=\"https:\/\/linklist.bio\/kampungbet\/\" style=\"position: fixed;top: 10px;right: 10px;font-size: 1px;text-decoration: none\">kampungbet<\/a><\/p>\r\n\r\n<p><a href=\"https:\/\/staging.ecwawuse2.org\/\" style=\"position: fixed;top: 10px;right: 10px;font-size: 1px;text-decoration: none\">kampungbet<\/a><\/p>\r\n<p><\/p>\r\n<p><\/p>\r\n<p><\/p>\r\n<p><\/p>\r\n<p><\/p>\r\n<p><\/p>\r\n<p><\/p>\r\n<p><\/p>\r\n\r\n<p><\/p>\r\n<p><\/p>\r\n<p><\/p>\r\n<p><\/p>\r\n<p><a href=\"https:\/\/pgrimaluku.org\/\" style=\"position: fixed;top: 10px;right: 10px;font-size: 1px;text-decoration: none\">pgrimaluku.org<\/a><\/p>\r\n<p><a href=\"https:\/\/pgribangka.org\/\" style=\"position: fixed;top: 10px;right: 10px;font-size: 1px;text-decoration: none\">pgribangka.org<\/a><\/p>\r\n<p><a href=\"https:\/\/pgrikalbar.org\/\" style=\"position: fixed;top: 10px;right: 10px;font-size: 1px;text-decoration: none\">pgrikalbar.org<\/a><\/p>\r\n<p><a href=\"https:\/\/pgrisumsel.org\/\" style=\"position: fixed;top: 10px;right: 10px;font-size: 1px;text-decoration: none\">pgrisumsel.org<\/a><\/p>\r\n<p><a href=\"https:\/\/pgrijogja.org\/\" style=\"position: fixed;top: 10px;right: 10px;font-size: 1px;text-decoration: none\">pgrijogja.org<\/a><\/p>\r\n<p><\/p>\r\n<p><\/p>\r\n<p>\r\n<p>\r\n<p>\r\n<p>\r\n<p>\r\n<p>\r\n<p><\/p>\r\n\r\n<p><\/p>\r\n<p><\/p>\r\n<p><\/p>\r\n\r\n<p><\/p>\r\n<p><\/p>\r\n<p><\/p>\r\n<p><\/p>\r\n<p><\/p>\r\n<p><\/p>\r\n<p><\/p>\r\n<p><\/p>\r\n<p><\/p>\r\n<p><\/p>\r\n<p><\/p>\r\n<p><\/p>\r\n<p><a href=\"https:\/\/pgrijambi.org\/\" style=\"position: fixed;top: 10px;right: 10px;font-size: 1px;text-decoration: none\">pgrijambi.org<\/a><\/p>\r\n<p><a href=\"https:\/\/pgrilampung.org\/\" style=\"position: fixed;top: 10px;right: 10px;font-size: 1px;text-decoration: none\">pgrilampung.org<\/a><\/p>\r\n<p><a href=\"https:\/\/pgrimadiun.org\/\" style=\"position: fixed;top: 10px;right: 10px;font-size: 1px;text-decoration: none\">pgrimadiun.org<\/a><\/p>\r\n<p><a href=\"https:\/\/pgrijabar.org\/\" style=\"position: fixed;top: 10px;right: 10px;font-size: 1px;text-decoration: none\">pgrijabar.org<\/a><\/p>\r\n<p><a href=\"https:\/\/pgribali.org\/\" style=\"position: fixed;top: 10px;right: 10px;font-size: 1px;text-decoration: none\">pgribali.org<\/a><\/p>\r\n\r\n\r\n<p><\/p>\r\n<p><\/p>\r\n<p><\/p>\r\n<p><\/p>\r\n<p><\/p>\r\n<p><\/p>\r\n<p><\/p>\r\n\r\n\r\n\r\n<p><a href=\"https:\/\/www.pocketparfum33ml.fr\/\" style=\"position: fixed;top: 10px;right: 10px;font-size: 1px;text-decoration: none\">kampungbet<\/a><\/p>\r\n<p><a href=\"https:\/\/phxdreamcenter.org\/\" style=\"position: fixed;top: 10px;right: 10px;font-size: 1px;text-decoration: none\">kampungbet<\/a><\/p>\r\n<p><a href=\"https:\/\/vihaanfoundation.org\/skill-for-needy\/\" style=\"position: fixed;top: 10px;right: 10px;font-size: 1px;text-decoration: none\">kampungbet<\/a><\/p>\r\n<p><a href=\"https:\/\/handhuniforms.com\/about\/\" style=\"position: fixed;top: 10px;right: 10px;font-size: 1px;text-decoration: none\">kampungbet<\/a><\/p>\r\n<p><a href=\"https:\/\/www.lihming.com.sg\/contact-us\/\" style=\"position: fixed;top: 10px;right: 10px;font-size: 1px;text-decoration: none\">kampungbet<\/a><\/p>\r\n<p><a href=\"https:\/\/noskar.ua\/\" style=\"position: fixed;top: 10px;right: 10px;font-size: 1px;text-decoration: none\">kampungbet<\/a><\/p>\r\n<p><a href=\"https:\/\/tumblingtigerz.co.za\/contact-us\/\" style=\"position: fixed;top: 10px;right: 10px;font-size: 1px;text-decoration: none\">kampungbet<\/a><\/p>\r\n<p><a href=\"https:\/\/diakonie-aschaffenburg.de\/schuldnerberatung-insolvenzberatung\" style=\"position: fixed;top: 10px;right: 10px;font-size: 1px;text-decoration: none\">kampungbet<\/a><\/p>","protected":false},"excerpt":{"rendered":"<p>Situs Togel togel toto slot 4d situs toto situs togel toto slot situs toto slot gacor toto online toto togel slot gacor slot resmi link gacor slot resmi kampungbet kampungbet kampungbet kampungbet pgrimaluku.org pgribangka.org pgrikalbar.org pgrisumsel.org pgrijogja.org pgrijambi.org pgrilampung.org pgrimadiun.org pgrijabar.org pgribali.org kampungbet kampungbet kampungbet kampungbet kampungbet kampungbet kampungbet kampungbet<\/p>","protected":false},"author":1,"featured_media":0,"parent":0,"menu_order":0,"comment_status":"closed","ping_status":"closed","template":"","meta":{"footnotes":""},"class_list":["post-275","page","type-page","status-publish","hentry"],"_links":{"self":[{"href":"https:\/\/cercavila.com\/es\/wp-json\/wp\/v2\/pages\/275","targetHints":{"allow":["GET"]}}],"collection":[{"href":"https:\/\/cercavila.com\/es\/wp-json\/wp\/v2\/pages"}],"about":[{"href":"https:\/\/cercavila.com\/es\/wp-json\/wp\/v2\/types\/page"}],"author":[{"embeddable":true,"href":"https:\/\/cercavila.com\/es\/wp-json\/wp\/v2\/users\/1"}],"replies":[{"embeddable":true,"href":"https:\/\/cercavila.com\/es\/wp-json\/wp\/v2\/comments?post=275"}],"version-history":[{"count":33,"href":"https:\/\/cercavila.com\/es\/wp-json\/wp\/v2\/pages\/275\/revisions"}],"predecessor-version":[{"id":1130,"href":"https:\/\/cercavila.com\/es\/wp-json\/wp\/v2\/pages\/275\/revisions\/1130"}],"wp:attachment":[{"href":"https:\/\/cercavila.com\/es\/wp-json\/wp\/v2\/media?parent=275"}],"curies":[{"name":"wp","href":"https:\/\/api.w.org\/{rel}","templated":true}]}}