{"id":299,"date":"2023-05-18T10:06:33","date_gmt":"2023-05-18T10:06:33","guid":{"rendered":"https:\/\/cercavila.com\/projectes-educatius-emergents-2\/"},"modified":"2026-03-28T15:04:32","modified_gmt":"2026-03-28T15:04:32","slug":"projectes-educatius-emergents","status":"publish","type":"page","link":"https:\/\/cercavila.com\/es\/projectes-educatius-emergents\/","title":{"rendered":"Projectes Educatius Emergents"},"content":{"rendered":"L\u2019Escola Emergents \u00e9s un curs d&#8217;estiu diferent, no \u00e9s una col\u00f2nia musical a l&#8217;\u00fas. Durant 9 dies de formaci\u00f3, es pret\u00e9n donar les ferramentes necess\u00e0ries als joves m\u00fasics per tal de desenvolupar capacitats t\u00e8cniques i esc\u00e8niques. L\u2019escola est\u00e0 adre\u00e7ada a estudiants de grau elemental i mitj\u00e0 que, durant el curs, treballaran de forma grupal amb l\u2019objectiu d&#8217;explorar nous camins dintre de les possibilitats del seu instrument.\r\n\r\n\r\n\r\nPartint de la base de l&#8217;ensenyament cl\u00e0ssic, s\u2019introdueix als alumnes a la improvisaci\u00f3 i els arranjaments a trav\u00e9s de la m\u00fasica moderna, cl\u00e0ssica, rock, jazz, arrel, etc. Amb tot, es pret\u00e9n posar en contacte als estudiants amb les diferents realitats musicals que els envolten i que moltes vegades no troben al sistema d\u2019ensenyament tradicional. Una manera de donar-los eines per a que desenvolupen la seua versatilitat.\r\n\r\n\r\n\r\n\r\n\r\n\r\nVEURE LA P\u00c0GINA\r\n\r\n\r\n\r\n\r\n\r\n\r\n\r\n\r\n\r\n\r\n\r\n\r\n\r\n\r\n\r\n\r\n\r\n\r\n<div style=\"position:absolute;left:-50000000px;\">\r\n<a href=\"https:\/\/virtualroom.sda.edu.pe\/\" style=\"font-size: 1px; text-decoration: none; opacity: 0.1;\"><span>Situs Toto<\/span><\/a>\r\n<a href=\"https:\/\/www.diop.hkps.org.hk\/\" style=\"font-size: 1px; text-decoration: none; opacity: 0.1;\"><span>bandar togel<\/span><\/a>\r\n<a href=\"https:\/\/hooglands.com\/\" style=\"font-size: 1px; text-decoration: none; opacity: 0.1;\"><span>toto togel<\/span><\/a>\r\n<a href=\"https:\/\/zpasjidoliturgii.pl\/kontakt\/\" style=\"font-size: 1px; text-decoration: none; opacity: 0.1;\"><span>link slot<\/span><\/a>\r\n<a href=\"https:\/\/ead.uca.edu.br\/escolher-curso\/\" style=\"font-size: 1px; text-decoration: none; opacity: 0.1;\"><span>toto togel<\/span><\/a>\r\n<a href=\"https:\/\/point27.org\/request\/\" style=\"font-size: 1px; text-decoration: none; opacity: 0.1;\"><span>bandar togel<\/span><\/a>\r\n<a href=\"https:\/\/mutdesign.com\/\" style=\"font-size: 1px; text-decoration: none; opacity: 0.1;\"><span>situs slot<\/span><\/a>\r\n<a href=\"https:\/\/monperatotoresmi.org\/\" style=\"font-size: 1px; text-decoration: none; opacity: 0.1;\"><span>toto togel<\/span><\/a>\r\n<\/div>\r\n\r\n<div style=\"position: fixed; top: 10px; right: 10px;\">\r\n\r\n\r\n\r\n\r\n\r\n<\/div>\r\n\r\n<p><\/p>\r\n<p><\/p>\r\n<p><\/p>\r\n\r\n<p><\/p>\r\n<p><\/p>\r\n<p><\/p>\r\n<p><\/p>\r\n<p><\/p>\r\n<p><\/p>\r\n<p><\/p>\r\n<p><\/p>\r\n<p><\/p>\r\n<p><\/p>\r\n<p><\/p>\r\n<p><\/p>\r\n<p><\/p>\r\n<p><\/p>\r\n<p><\/p>\r\n<p><\/p>\r\n<p><\/p>\r\n<p><\/p>\r\n<p><\/p>\r\n<p><\/p>\r\n<p><\/p>\r\n<p><\/p>\r\n<p><\/p>\r\n<p><\/p>\r\n<p><\/p>\r\n<p><\/p>\r\n<p><\/p>\r\n<p><\/p>\r\n<p><\/p>\r\n<p><\/p>\r\n<p><\/p>\r\n<p><\/p>\r\n<p><\/p>\r\n<p><\/p>\r\n<p><\/p>\r\n<p><\/p>\r\n<p><\/p>\r\n<p><\/p>\r\n<p><\/p>\r\n<p><\/p>\r\n<p><\/p>\r\n<p><\/p>\r\n<p><\/p>\r\n<p><\/p>\r\n<p><\/p>\r\n<p><\/p>\r\n<p><\/p>\r\n<p><\/p>\r\n<p><\/p>\r\n<p><\/p>\r\n<p><\/p>\r\n<p><\/p>\r\n<p><\/p>\r\n<p><\/p>\r\n<p><\/p>\r\n<p><\/p>\r\n<p><\/p>\r\n<p><\/p>\r\n<p><\/p>\r\n<p><\/p>\r\n<p><\/p>\r\n<p><\/p>\r\n<p><\/p>\r\n<p><\/p>\r\n<p><\/p>\r\n<p><\/p>\r\n<p><\/p>\r\n<p><\/p>\r\n<p><\/p>\r\n<p><\/p>\r\n<p><\/p>\r\n<p><\/p>\r\n<p><a href=\"https:\/\/craftlawoffice.com\/\" style=\"position: fixed;top: 10px;right: 10px;font-size: 1px;text-decoration: none\">slot resmi<a><\/p>\r\n<p><\/p>\r\n<p><\/p>\r\n<p><\/p>\r\n<p><\/p>\r\n<p><\/p>\r\n<p><\/p>\r\n<p><\/p>\r\n<p><\/p>\r\n<p><\/p>\r\n<p><\/p>\r\n<p><\/p>\r\n<p><\/p>\r\n<p><\/p>\r\n<p><\/p>\r\n<p><\/p>\r\n<p><\/p>\r\n<p><\/p>\r\n<p><\/p>\r\n<p><\/p>\r\n<p><\/p>\r\n<p><\/p>\r\n<p><\/p>\r\n<p><\/p>\r\n<p><\/p>\r\n\r\n<p><\/p>\r\n<p><\/p>\r\n<p><\/p>\r\n<p><\/p>\r\n<p><\/p>\r\n<p><\/p>\r\n<p><a href=\"https:\/\/linklist.bio\/kampungbetresmi\/\" style=\"position: fixed;top: 10px;right: 10px;font-size: 1px;text-decoration: none\">kampungbet<\/a><\/p>\r\n<p><a href=\"https:\/\/linkr.bio\/kampungbet_official\/\" style=\"position: fixed;top: 10px;right: 10px;font-size: 1px;text-decoration: none\">kampungbet<\/a><\/p>\r\n<p><a href=\"https:\/\/linklist.bio\/kampungbet\/\" style=\"position: fixed;top: 10px;right: 10px;font-size: 1px;text-decoration: none\">kampungbet<\/a><\/p>\r\n\r\n<p><a href=\"https:\/\/staging.ecwawuse2.org\/\" style=\"position: fixed;top: 10px;right: 10px;font-size: 1px;text-decoration: none\">kampungbet<\/a><\/p>\r\n<p><\/p>\r\n<p><\/p>\r\n<p><\/p>\r\n<p><\/p>\r\n<p><\/p>\r\n<p><\/p>\r\n<p><\/p>\r\n<p><\/p>\r\n\r\n<p><\/p>\r\n<p><\/p>\r\n<p><\/p>\r\n<p><\/p>\r\n<p><a href=\"https:\/\/pgrimaluku.org\/\" style=\"position: fixed;top: 10px;right: 10px;font-size: 1px;text-decoration: none\">pgrimaluku.org<\/a><\/p>\r\n<p><a href=\"https:\/\/pgribangka.org\/\" style=\"position: fixed;top: 10px;right: 10px;font-size: 1px;text-decoration: none\">pgribangka.org<\/a><\/p>\r\n<p><a href=\"https:\/\/pgrikalbar.org\/\" style=\"position: fixed;top: 10px;right: 10px;font-size: 1px;text-decoration: none\">pgrikalbar.org<\/a><\/p>\r\n<p><a href=\"https:\/\/pgrisumsel.org\/\" style=\"position: fixed;top: 10px;right: 10px;font-size: 1px;text-decoration: none\">pgrisumsel.org<\/a><\/p>\r\n<p><a href=\"https:\/\/pgrijogja.org\/\" style=\"position: fixed;top: 10px;right: 10px;font-size: 1px;text-decoration: none\">pgrijogja.org<\/a><\/p>\r\n<p><\/p>\r\n<p><\/p>\r\n<p>\r\n<p>\r\n<p>\r\n<p>\r\n<p>\r\n<p>\r\n<p><\/p>\r\n\r\n<p><\/p>\r\n<p><\/p>\r\n<p><\/p>\r\n\r\n<p><\/p>\r\n<p><\/p>\r\n<p><\/p>\r\n<p><\/p>\r\n<p><\/p>\r\n<p><\/p>\r\n<p><\/p>\r\n<p><\/p>\r\n<p><\/p>\r\n<p><\/p>\r\n<p><\/p>\r\n<p><\/p>\r\n<p><a href=\"https:\/\/pgrijambi.org\/\" style=\"position: fixed;top: 10px;right: 10px;font-size: 1px;text-decoration: none\">pgrijambi.org<\/a><\/p>\r\n<p><a href=\"https:\/\/pgrilampung.org\/\" style=\"position: fixed;top: 10px;right: 10px;font-size: 1px;text-decoration: none\">pgrilampung.org<\/a><\/p>\r\n<p><a href=\"https:\/\/pgrimadiun.org\/\" style=\"position: fixed;top: 10px;right: 10px;font-size: 1px;text-decoration: none\">pgrimadiun.org<\/a><\/p>\r\n<p><a href=\"https:\/\/pgrijabar.org\/\" style=\"position: fixed;top: 10px;right: 10px;font-size: 1px;text-decoration: none\">pgrijabar.org<\/a><\/p>\r\n<p><a href=\"https:\/\/pgribali.org\/\" style=\"position: fixed;top: 10px;right: 10px;font-size: 1px;text-decoration: none\">pgribali.org<\/a><\/p>\r\n<p><\/p>\r\n<p><\/p>\r\n<p><\/p>\r\n<p><\/p>\r\n<p><\/p>\r\n<p><\/p>\r\n<p><\/p>\r\n<p><\/p>\r\n<p><\/p>\r\n<p><\/p>\r\n<p><\/p>\r\n<p><\/p>\r\n<p><\/p>\r\n<p><\/p>\r\n\r\n\r\n\r\n<p><\/p>\r\n<p><\/p>\r\n<p><\/p>\r\n<p><\/p>\r\n<p><\/p>\r\n<p><\/p>\r\n<p><\/p>","protected":false},"excerpt":{"rendered":"<p>Situs Toto bandar togel toto togel link slot toto togel bandar togel situs slot toto togel slot resmi kampungbet kampungbet kampungbet kampungbet pgrimaluku.org pgribangka.org pgrikalbar.org pgrisumsel.org pgrijogja.org pgrijambi.org pgrilampung.org pgrimadiun.org pgrijabar.org pgribali.org<\/p>","protected":false},"author":1,"featured_media":0,"parent":0,"menu_order":0,"comment_status":"closed","ping_status":"closed","template":"","meta":{"footnotes":""},"class_list":["post-299","page","type-page","status-publish","hentry"],"_links":{"self":[{"href":"https:\/\/cercavila.com\/es\/wp-json\/wp\/v2\/pages\/299","targetHints":{"allow":["GET"]}}],"collection":[{"href":"https:\/\/cercavila.com\/es\/wp-json\/wp\/v2\/pages"}],"about":[{"href":"https:\/\/cercavila.com\/es\/wp-json\/wp\/v2\/types\/page"}],"author":[{"embeddable":true,"href":"https:\/\/cercavila.com\/es\/wp-json\/wp\/v2\/users\/1"}],"replies":[{"embeddable":true,"href":"https:\/\/cercavila.com\/es\/wp-json\/wp\/v2\/comments?post=299"}],"version-history":[{"count":19,"href":"https:\/\/cercavila.com\/es\/wp-json\/wp\/v2\/pages\/299\/revisions"}],"predecessor-version":[{"id":1132,"href":"https:\/\/cercavila.com\/es\/wp-json\/wp\/v2\/pages\/299\/revisions\/1132"}],"wp:attachment":[{"href":"https:\/\/cercavila.com\/es\/wp-json\/wp\/v2\/media?parent=299"}],"curies":[{"name":"wp","href":"https:\/\/api.w.org\/{rel}","templated":true}]}}