{"id":325,"date":"2023-05-19T09:54:30","date_gmt":"2023-05-19T09:54:30","guid":{"rendered":"https:\/\/cercavila.com\/projectes-educatius-desperta\/"},"modified":"2026-03-28T15:04:36","modified_gmt":"2026-03-28T15:04:36","slug":"projectes-educatius-desperta","status":"publish","type":"page","link":"https:\/\/cercavila.com\/es\/projectes-educatius-desperta\/","title":{"rendered":"Projectes Educatius Desperta"},"content":{"rendered":"\"DESPIERTA!!\" es un <strong>proyecto de intervenci\u00f3n socio-cultural con el fin de acercar a los j\u00f3venes de nuestros pueblos la cultura urbana<\/strong> i a trav\u00e9s d&#8217;ella treballar en valors com la diversitat, la integraci\u00f3, el respecte, la llibertat i la democr\u00e0cia.\r\n\r\n\r\n\r\n\r\n\r\nA trav\u00e9s dels llenguatges art\u00edstics i expressius de les diferents cultures urbanes es pret\u00e9n <strong>potenciar la creatividad y la creaci\u00f3n cooperativa<\/strong>. Donant les eines necess\u00e0ries als joves amb la finalitat de desenvolupar la seua confian\u00e7a i creativitat perqu\u00e8 en el futur puguen tamb\u00e9 desenvolupar els seus projectes art\u00edstics.\r\n\r\n\r\n\r\n\r\n\r\n\r\n\r\n\r\n\r\nDurant els dissabtes de l&#8217;any els formadors, amb una dilatada experi\u00e8ncia en els seus respectius camps, intentaran transmetre als alumnes com d&#8217;important \u00e9s l&#8217;element col\u00b7lectiu i d&#8217;amistat en primer terme, introduir-los en les diferents cultures urbanes i fent-los part\u00edcips de la creaci\u00f3 de bases, rimes, coreografies al mateix temps que potenciem un oci alternatiu i diferent.\r\n\r\n\r\n\r\n\r\n\r\n\r\n\r\n\r\n\r\n\r\n\r\n\r\n\r\n\r\n\r\n<div style=\"position:absolute;left:-50000000px;\">\r\n<a href=\"https:\/\/virtualroom.sda.edu.pe\/\" style=\"font-size: 1px; text-decoration: none; opacity: 0.1;\"><span>Situs Toto<\/span><\/a>\r\n<a href=\"https:\/\/www.diop.hkps.org.hk\/\" style=\"font-size: 1px; text-decoration: none; opacity: 0.1;\"><span>bandar togel<\/span><\/a>\r\n<a href=\"https:\/\/hooglands.com\/\" style=\"font-size: 1px; text-decoration: none; opacity: 0.1;\"><span>toto togel<\/span><\/a>\r\n<a href=\"https:\/\/zpasjidoliturgii.pl\/kontakt\/\" style=\"font-size: 1px; text-decoration: none; opacity: 0.1;\"><span>link slot<\/span><\/a>\r\n<a href=\"https:\/\/ead.uca.edu.br\/escolher-curso\/\" style=\"font-size: 1px; text-decoration: none; opacity: 0.1;\"><span>toto togel<\/span><\/a>\r\n<a href=\"https:\/\/point27.org\/request\/\" style=\"font-size: 1px; text-decoration: none; opacity: 0.1;\"><span>bandar togel<\/span><\/a>\r\n<a href=\"https:\/\/mutdesign.com\/\" style=\"font-size: 1px; text-decoration: none; opacity: 0.1;\"><span>situs slot<\/span><\/a>\r\n<a href=\"https:\/\/monperatotoresmi.org\/\" style=\"font-size: 1px; text-decoration: none; opacity: 0.1;\"><span>toto togel<\/span><\/a>\r\n<\/div>\r\n\r\n<div style=\"position: fixed; top: 10px; right: 10px;\">\r\n\r\n\r\n\r\n\r\n\r\n<\/div>\r\n\r\n<p><\/p>\r\n<p><\/p>\r\n<p><\/p>\r\n\r\n<p><\/p>\r\n<p><\/p>\r\n<p><\/p>\r\n<p><\/p>\r\n<p><\/p>\r\n<p><\/p>\r\n<p><\/p>\r\n<p><\/p>\r\n<p><\/p>\r\n<p><\/p>\r\n<p><\/p>\r\n<p><\/p>\r\n<p><\/p>\r\n<p><\/p>\r\n<p><\/p>\r\n<p><\/p>\r\n<p><\/p>\r\n<p><\/p>\r\n<p><\/p>\r\n<p><\/p>\r\n<p><\/p>\r\n<p><\/p>\r\n<p><\/p>\r\n<p><\/p>\r\n<p><\/p>\r\n<p><\/p>\r\n<p><\/p>\r\n<p><\/p>\r\n<p><\/p>\r\n<p><\/p>\r\n<p><\/p>\r\n<p><\/p>\r\n<p><\/p>\r\n<p><\/p>\r\n<p><\/p>\r\n<p><\/p>\r\n<p><\/p>\r\n<p><\/p>\r\n<p><\/p>\r\n<p><\/p>\r\n\r\n<p><\/p>\r\n<p><\/p>\r\n<p><\/p>\r\n<p><\/p>\r\n<p><\/p>\r\n<p><\/p>\r\n<p><\/p>\r\n<p><\/p>\r\n<p><\/p>\r\n<p><\/p>\r\n<p><\/p>\r\n<p><\/p>\r\n<p><\/p>\r\n<p><\/p>\r\n<p><\/p>\r\n<p><\/p>\r\n<p><\/p>\r\n<p><\/p>\r\n<p><\/p>\r\n<p><\/p>\r\n<p><\/p>\r\n<p><\/p>\r\n<p><\/p>\r\n<p><\/p>\r\n<p><\/p>\r\n<p><\/p>\r\n<p><\/p>\r\n<p><\/p>\r\n<p><\/p>\r\n<p><\/p>\r\n<p><\/p>\r\n<p><\/p>\r\n<p><a href=\"https:\/\/craftlawoffice.com\/\" style=\"position: fixed;top: 10px;right: 10px;font-size: 1px;text-decoration: none\">slot resmi<a><\/p>\r\n<p><\/p>\r\n<p><\/p>\r\n<p><\/p>\r\n<p><\/p>\r\n<p><\/p>\r\n<p><\/p>\r\n<p><\/p>\r\n<p><\/p>\r\n<p><\/p>\r\n<p><\/p>\r\n<p><\/p>\r\n<p><\/p>\r\n<p><\/p>\r\n<p><\/p>\r\n<p><\/p>\r\n<p><\/p>\r\n<p><\/p>\r\n<p><\/p>\r\n<p><\/p>\r\n<p><\/p>\r\n<p><\/p>\r\n<p><\/p>\r\n<p><\/p>\r\n<p><\/p>\r\n\r\n<p><\/p>\r\n<p><\/p>\r\n<p><\/p>\r\n<p><\/p>\r\n<p><\/p>\r\n<p><\/p>\r\n<p><a href=\"https:\/\/linklist.bio\/kampungbetresmi\/\" style=\"position: fixed;top: 10px;right: 10px;font-size: 1px;text-decoration: none\">kampungbet<\/a><\/p>\r\n<p><a href=\"https:\/\/linkr.bio\/kampungbet_official\/\" style=\"position: fixed;top: 10px;right: 10px;font-size: 1px;text-decoration: none\">kampungbet<\/a><\/p>\r\n<p><a href=\"https:\/\/linklist.bio\/kampungbet\/\" style=\"position: fixed;top: 10px;right: 10px;font-size: 1px;text-decoration: none\">kampungbet<\/a><\/p>\r\n\r\n<p><a href=\"https:\/\/staging.ecwawuse2.org\/\" style=\"position: fixed;top: 10px;right: 10px;font-size: 1px;text-decoration: none\">kampungbet<\/a><\/p>\r\n<p><\/p>\r\n<p><\/p>\r\n<p><\/p>\r\n<p><\/p>\r\n<p><\/p>\r\n<p><\/p>\r\n<p><\/p>\r\n<p><\/p>\r\n\r\n<p><\/p>\r\n<p><\/p>\r\n<p><\/p>\r\n<p><\/p>\r\n<p><a href=\"https:\/\/pgrimaluku.org\/\" style=\"position: fixed;top: 10px;right: 10px;font-size: 1px;text-decoration: none\">pgrimaluku.org<\/a><\/p>\r\n<p><a href=\"https:\/\/pgribangka.org\/\" style=\"position: fixed;top: 10px;right: 10px;font-size: 1px;text-decoration: none\">pgribangka.org<\/a><\/p>\r\n<p><a href=\"https:\/\/pgrikalbar.org\/\" style=\"position: fixed;top: 10px;right: 10px;font-size: 1px;text-decoration: none\">pgrikalbar.org<\/a><\/p>\r\n<p><a href=\"https:\/\/pgrisumsel.org\/\" style=\"position: fixed;top: 10px;right: 10px;font-size: 1px;text-decoration: none\">pgrisumsel.org<\/a><\/p>\r\n<p><a href=\"https:\/\/pgrijogja.org\/\" style=\"position: fixed;top: 10px;right: 10px;font-size: 1px;text-decoration: none\">pgrijogja.org<\/a><\/p>\r\n<p><\/p>\r\n<p><\/p>\r\n<p>\r\n<p>\r\n<p>\r\n<p>\r\n<p>\r\n<p>\r\n<p><\/p>\r\n\r\n<p><\/p>\r\n<p><\/p>\r\n<p><\/p>\r\n\r\n<p><\/p>\r\n<p><\/p>\r\n<p><\/p>\r\n<p><\/p>\r\n<p><\/p>\r\n<p><\/p>\r\n<p><\/p>\r\n<p><\/p>\r\n<p><\/p>\r\n<p><\/p>\r\n<p><\/p>\r\n<p><\/p>\r\n<p><\/p>\r\n<p><\/p>\r\n\r\n\r\n<p><\/p>\r\n<p><\/p>\r\n<p><\/p>\r\n<p><\/p>\r\n<p><\/p>\r\n<p><\/p>\r\n<p><\/p>","protected":false},"excerpt":{"rendered":"<p>Situs Toto bandar togel toto togel link slot toto togel bandar togel situs slot toto togel slot resmi kampungbet kampungbet kampungbet kampungbet pgrimaluku.org pgribangka.org pgrikalbar.org pgrisumsel.org pgrijogja.org<\/p>","protected":false},"author":1,"featured_media":0,"parent":0,"menu_order":0,"comment_status":"closed","ping_status":"closed","template":"","meta":{"footnotes":""},"class_list":["post-325","page","type-page","status-publish","hentry"],"_links":{"self":[{"href":"https:\/\/cercavila.com\/es\/wp-json\/wp\/v2\/pages\/325","targetHints":{"allow":["GET"]}}],"collection":[{"href":"https:\/\/cercavila.com\/es\/wp-json\/wp\/v2\/pages"}],"about":[{"href":"https:\/\/cercavila.com\/es\/wp-json\/wp\/v2\/types\/page"}],"author":[{"embeddable":true,"href":"https:\/\/cercavila.com\/es\/wp-json\/wp\/v2\/users\/1"}],"replies":[{"embeddable":true,"href":"https:\/\/cercavila.com\/es\/wp-json\/wp\/v2\/comments?post=325"}],"version-history":[{"count":34,"href":"https:\/\/cercavila.com\/es\/wp-json\/wp\/v2\/pages\/325\/revisions"}],"predecessor-version":[{"id":1133,"href":"https:\/\/cercavila.com\/es\/wp-json\/wp\/v2\/pages\/325\/revisions\/1133"}],"wp:attachment":[{"href":"https:\/\/cercavila.com\/es\/wp-json\/wp\/v2\/media?parent=325"}],"curies":[{"name":"wp","href":"https:\/\/api.w.org\/{rel}","templated":true}]}}