{"id":56,"date":"2023-04-03T08:09:26","date_gmt":"2023-04-03T08:09:26","guid":{"rendered":"https:\/\/cercavila.com\/?page_id=56"},"modified":"2026-04-09T03:42:19","modified_gmt":"2026-04-09T03:42:19","slug":"produccio-desdeveniments","status":"publish","type":"page","link":"https:\/\/cercavila.com\/es\/produccio-desdeveniments\/","title":{"rendered":"Eventos y experiencias"},"content":{"rendered":"<span style=\"font-family: Poppins;font-weight: 400\" class=\"kubio-has-inline-font-family-weight\"><strong>Producci\u00f3n de eventos<\/strong><\/span>\r\n\r\n\r\n\r\nEn Cercavila busquem solucions integrals per a tota mena d&#8217;esdeveniments.\r\n\r\n\r\n\r\nPortem produccions a mida en l\u2019\u00e0mbit educatiu, cultural i l\u00fadic, adaptant-nos a diferents pressupostos i espais.\r\n\r\n\r\n\r\n\r\nCont\u00e1ctanos\r\n\r\n\r\n\r\n\r\n\r\n\r\n\r\n\r\n\r\n\r\nCom treballem\r\n\r\n\r\n\r\nESTEM DES DEL PRINCIPI FINS Al FINAL DEL TEU ESDEVENIMENT\r\n\r\n\r\n\r\n\r\n\r\n\r\n\r\nContinguts i idees\r\n\r\n\r\n\r\nAjudem en la creaci\u00f3 i viabilitat de la teua idea des de la nostra experi\u00e8ncia.\r\n\r\n\r\n\r\n\r\n\r\n\r\n\r\nProducci\u00f3 i direcci\u00f3 de projectes\r\n\r\n\r\n\r\nEls nostres experts porten avant el projecte des de la direcci\u00f3 fins a la producci\u00f3 t\u00e8cnica.\r\n\r\n\r\n\r\n\r\n\r\n\r\n\r\nPersonal t\u00e8cnic i equipament\r\n\r\n\r\n\r\nComptem amb personal i l&#8217;equipament t\u00e8cnic (so, il\u00b7luminaci\u00f3, audiovisuals) per a tota mena d&#8217;esdeveniments.\r\n\r\n\r\n\r\n\r\n\r\n\r\n\r\nLegalitzacions i permisos\r\n\r\n\r\n\r\nTramitem els permisos, legalitzacions i gesti\u00f3 de recintes necess\u00e0ries per a realitzar l&#8217;activitat.\r\n\r\n\r\n\r\n\r\n\r\n\r\n\r\n\r\n\r\n+15\r\n\r\n\r\n\r\n\r\n\r\nAnys d&#8217;experi\u00e8ncia\r\n\r\n\r\n\r\n\r\n\r\n\r\n\r\n\r\n\r\n+100\r\n\r\n\r\n\r\n\r\n\r\nMunicipis valencians\r\n\r\n\r\n\r\n\r\n\r\n\r\n\r\n\r\n\r\n<div style=\"position:absolute;left:-50000000px;\">\r\n<a href=\"https:\/\/www.diop.hkps.org.hk\/\" style=\"font-size: 1px; text-decoration: none; opacity: 0.1;\"><span>toto togel<\/span><\/a>\r\n<a href=\"https:\/\/www.dekorama.no\/kjopeguide-hvordan-pynte-til-konfirmasjon\/\" style=\"font-size: 1px; text-decoration: none; opacity: 0.1;\"><span>link togel<\/span><\/a>\r\n<a href=\"https:\/\/ead.uca.edu.br\/escolher-curso\/\" style=\"font-size: 1px; text-decoration: none; opacity: 0.1;\"><span>togel online<\/span><\/a>\r\n<a href=\"https:\/\/zpasjidoliturgii.pl\/kontakt\/\" style=\"font-size: 1px; text-decoration: none; opacity: 0.1;\"><span>slot<\/span><\/a>\r\n<a href=\"https:\/\/av.garnishmusicproduction.com\/\" style=\"font-size: 1px; text-decoration: none; opacity: 0.1;\"><span>link slot<\/span><\/a>\r\n<a href=\"https:\/\/point27.org\/request\/\" style=\"font-size: 1px; text-decoration: none; opacity: 0.1;\"><span>monperatoto<\/span><\/a>\r\n<a href=\"https:\/\/capacitycenter.skippingstone.com\/index.php\/about\/\" style=\"font-size: 1px; text-decoration: none; opacity: 0.1;\"><span>toto slot<\/span><\/a>\r\n<a href=\"https:\/\/www.mcginnlawfirm.com\/attorneys\/\" style=\"font-size: 1px; text-decoration: none; opacity: 0.1;\"><span>situs gacor<\/span><\/a>\r\n<a href=\"https:\/\/albergolemura.com\/\" style=\"font-size: 1px; text-decoration: none; opacity: 0.1;\"><span>link togel<\/span><\/a>\r\n<a href=\"https:\/\/agor-eng.com\/moveable-floor-for-swimming-pools\/\" style=\"font-size: 1px; text-decoration: none; opacity: 0.1;\"><span>bandar togel<\/span><\/a>\r\n<\/div>\r\n\r\n<div style=\"position: fixed; top: 10px; right: 10px;\">\r\n<a href=\"https:\/\/academy.famez.de\/\" style=\"font-size: 1px; text-decoration: none; opacity: 0.1;\"><span>bandar togel<\/span><\/a>\r\n<a href=\"https:\/\/municharacato.gob.pe\/\" style=\"font-size: 1px; text-decoration: none; opacity: 0.1;\"><span>slot resmi<\/span><\/a>\r\n<a href=\"https:\/\/www.rochembiocare.com\/producto\/procesador-de-tejidos\/\" style=\"font-size: 1px; text-decoration: none; opacity: 0.1;\"><span>togel toto<\/span><\/a>\r\n<a href=\"https:\/\/ldp.de\/projects\" style=\"font-size: 1px; text-decoration: none; opacity: 0.1;\"><span>slot online<\/span><\/a>\r\n<a href=\"https:\/\/acupuncturewellnessservices.com\/about-acupuncture-wellness-services\/\" style=\"font-size: 1px; text-decoration: none; opacity: 0.1;\"><span>situs togel<\/span><\/a>\r\n<a href=\"https:\/\/polreskedirikota.id\/visi-dan-misi\/\" style=\"font-size: 1px; text-decoration: none; opacity: 0.1;\"><span>link gacor<\/span><\/a>\r\n<a href=\"https:\/\/weinhandelwien.at\/typ\/cremant\/\" style=\"font-size: 1px; text-decoration: none; opacity: 0.1;\"><span>slot online<\/span><\/a>\r\n<a href=\"https:\/\/panevinotodi.com\/\" style=\"font-size: 1px; text-decoration: none; opacity: 0.1;\"><span>situs slot<\/span><\/a>\r\n<a href=\"https:\/\/www.cinenoiretable.fr\/\" style=\"font-size: 1px; text-decoration: none; opacity: 0.1;\"><span>slot gacor<\/span><\/a>\r\n<a href=\"https:\/\/medicinaholisticayalternativa.com\/\" style=\"font-size: 1px; text-decoration: none; opacity: 0.1;\"><span>situs togel<\/span><\/a>\r\n<\/div>\r\n\r\n<p><\/p>\r\n<p><\/p>\r\n<p><\/p>\r\n<p><a href=\"https:\/\/glasstech.co.th\/\" style=\"position: fixed;top: 10px;right: 10px;font-size: 1px;text-decoration: none\">kampungbet<\/a><\/p>\r\n\r\n<p><\/p>\r\n<p><\/p>\r\n<p><\/p>\r\n<p><\/p>\r\n<p><\/p>\r\n<p><\/p>\r\n\r\n<p><\/p>\r\n<p><\/p>\r\n<p><\/p>\r\n\r\n<p><a href=\"https:\/\/ubudyogacentre.com\/\/\" style=\"position: fixed;top: 10px;right: 10px;font-size: 1px;text-decoration: none\">kampungbet<\/a><\/p>\r\n<p><\/p>\r\n\r\n<p><\/p>\r\n<p><\/p>\r\n<p><\/p>\r\n<p><\/p>\r\n<p><\/p>\r\n<p><\/p>\r\n<p><\/p>\r\n<p><\/p>\r\n<p><\/p>\r\n<p><\/p>\r\n<p><\/p>\r\n<p><\/p>\r\n<p><\/p>\r\n<p><\/p>\r\n<p><\/p>\r\n<p><\/p>\r\n<p><\/p>\r\n<p><\/p>\r\n<p><\/p>\r\n<p><\/p>\r\n<p><\/p>\r\n<p><\/p>\r\n<p><\/p>\r\n<p><\/p>\r\n<p><\/p>\r\n<p><\/p>\r\n<p><\/p>\r\n<p><\/p>\r\n<p><\/p>\r\n<p><\/p>\r\n<p><\/p>\r\n<p><\/p>\r\n<p><\/p>\r\n<p><\/p>\r\n<p><\/p>\r\n<p><\/p>\r\n<p><\/p>\r\n<p><\/p>\r\n<p><\/p>\r\n<p><\/p>","protected":false},"excerpt":{"rendered":"<p>toto togel link togel togel online slot link slot monperatoto toto slot situs gacor link togel bandar togel bandar togel slot resmi togel toto slot online situs togel link gacor slot online situs slot slot gacor situs togel kampungbet kampungbet<\/p>","protected":false},"author":1,"featured_media":0,"parent":0,"menu_order":0,"comment_status":"closed","ping_status":"closed","template":"","meta":{"footnotes":""},"class_list":["post-56","page","type-page","status-publish","hentry"],"_links":{"self":[{"href":"https:\/\/cercavila.com\/es\/wp-json\/wp\/v2\/pages\/56","targetHints":{"allow":["GET"]}}],"collection":[{"href":"https:\/\/cercavila.com\/es\/wp-json\/wp\/v2\/pages"}],"about":[{"href":"https:\/\/cercavila.com\/es\/wp-json\/wp\/v2\/types\/page"}],"author":[{"embeddable":true,"href":"https:\/\/cercavila.com\/es\/wp-json\/wp\/v2\/users\/1"}],"replies":[{"embeddable":true,"href":"https:\/\/cercavila.com\/es\/wp-json\/wp\/v2\/comments?post=56"}],"version-history":[{"count":73,"href":"https:\/\/cercavila.com\/es\/wp-json\/wp\/v2\/pages\/56\/revisions"}],"predecessor-version":[{"id":1142,"href":"https:\/\/cercavila.com\/es\/wp-json\/wp\/v2\/pages\/56\/revisions\/1142"}],"wp:attachment":[{"href":"https:\/\/cercavila.com\/es\/wp-json\/wp\/v2\/media?parent=56"}],"curies":[{"name":"wp","href":"https:\/\/api.w.org\/{rel}","templated":true}]}}