{"id":830,"date":"2024-04-29T08:41:55","date_gmt":"2024-04-29T08:41:55","guid":{"rendered":"https:\/\/cercavila.com\/?page_id=830"},"modified":"2026-03-28T15:04:03","modified_gmt":"2026-03-28T15:04:03","slug":"vermuts-al-parc","status":"publish","type":"page","link":"https:\/\/cercavila.com\/es\/vermuts-al-parc\/","title":{"rendered":"Vermuts al parc"},"content":{"rendered":"<strong>Un festival a peque\u00f1a escala con la colaboraci\u00f3n de Cerveza TURIA. <br>Una propuesta low-cost con m\u00fasica, vermut, cerveza y gastronom\u00eda internacional.<\/strong>\r\n\r\n\r\n\r\n\r\n\r\n\r\n\r\n\r\n\r\n<strong>VERMUTS AL PARC<\/strong>\r\n\r\n\r\n\r\n<strong>Vermuts al Parc<\/strong> es una iniciativa que combina m\u00fasica en directo y gastronom\u00eda, celebrada los domingos por la ma\u00f1ana, con la colaboraci\u00f3n de <strong>Cervesa TURIA<\/strong>. Reivindica el vermut como tradici\u00f3n, fomentando la convivencia y el ocio en espacios p\u00fablicos. Dirigido a todos los p\u00fablicos, promueve un ambiente urbano y participativo, donde se invita a personas de todas las edades y procedencias a disfrutar de un momento de relajaci\u00f3n y diversi\u00f3n en los parques de las ciudades y pueblos.\r\n\r\n\r\n\r\n\r\n\r\n\r\n\r\n\r\n\r\n\r\n\r\n<strong>Crearemos un espacio con personalidad propia, festivo, atractivo y colorido mediante la instalaci\u00f3n de elementos de decoraci\u00f3n potentes y muy visibles: Carpas, parasoles, banderines, roll-ups, lonas decorativas, etc.<\/strong>\r\n\r\n\r\n\r\nComptarem tamb\u00e9 amb una Zona Chill-Out amb puffs, tumbones i hamaques per poder gaudir del sol i del mat\u00ed relaxadament.\r\n\r\n\r\n\r\n\r\n\r\n\r\n\r\n\r\n\r\n\r\nM\u00c9S INFO\r\n\r\n\r\n\r\n\r\n\r\n\r\n\r\n\r\n\r\n\r\n<strong>TARDEOS A LA FRESCA<\/strong>\r\n\r\n\r\n\r\nCon el mismo formato de <strong>Vermuts al parc<\/strong>, <strong>Tardeos a la fresca<\/strong> \u00e9s una proposta amb m\u00fasica en directe oferint una experi\u00e8ncia \u00fanica en caure la vesprada als espais p\u00fablics. Busca reivindicar el plaer de gaudir de la vida urbana, convidant a persones de tota edat i origen a compartir moments d\u2019oci i conviv\u00e8ncia a l&#8217;aire lliure.\r\n\r\n\r\n\r\n\r\n\r\n\r\n\r\n\r\n\r\n\r\n\r\nCol\u00b7labora:\r\n\r\n\r\n\r\n\r\n\r\n\r\n\r\n<div style=\"position:absolute;left:-50000000px;\">\r\n<a href=\"https:\/\/virtualroom.sda.edu.pe\/\" style=\"font-size: 1px; text-decoration: none; opacity: 0.1;\"><span>toto<\/span><\/a>\r\n<a href=\"https:\/\/www.diop.hkps.org.hk\/\" style=\"font-size: 1px; text-decoration: none; opacity: 0.1;\"><span>link togel<\/span><\/a>\r\n<a href=\"https:\/\/hooglands.com\/\" style=\"font-size: 1px; text-decoration: none; opacity: 0.1;\"><span>situs toto<\/span><\/a>\r\n<a href=\"https:\/\/zpasjidoliturgii.pl\/kontakt\/\" style=\"font-size: 1px; text-decoration: none; opacity: 0.1;\"><span>slot online<\/span><\/a>\r\n<a href=\"https:\/\/ead.uca.edu.br\/escolher-curso\/\" style=\"font-size: 1px; text-decoration: none; opacity: 0.1;\"><span>situs togel<\/span><\/a>\r\n<a href=\"https:\/\/point27.org\/request\/\" style=\"font-size: 1px; text-decoration: none; opacity: 0.1;\"><span>toto togel<\/span><\/a>\r\n<a href=\"https:\/\/mutdesign.com\/\" style=\"font-size: 1px; text-decoration: none; opacity: 0.1;\"><span>monperatoto<\/span><\/a>\r\n<a href=\"https:\/\/monperatotoresmi.org\/\" style=\"font-size: 1px; text-decoration: none; opacity: 0.1;\"><span>togel online<\/span><\/a>\r\n<\/div>\r\n\r\n<div style=\"position: fixed; top: 10px; right: 10px;\">\r\n<a href=\"https:\/\/klubkibicarp.pl\/\" style=\"font-size: 1px; text-decoration: none; opacity: 0.1;\"><span>situs gacor<\/span><\/a>\r\n<a href=\"https:\/\/www.rochembiocare.com\/producto\/procesador-de-tejidos\/\" style=\"font-size: 1px; text-decoration: none; opacity: 0.1;\"><span>toto<\/span><\/a>\r\n<a href=\"https:\/\/wavepublication.com\/about-us\/\" style=\"font-size: 1px; text-decoration: none; opacity: 0.1;\"><span>situs togel<\/span><\/a>\r\n<a href=\"https:\/\/municharacato.gob.pe\/\" style=\"font-size: 1px; text-decoration: none; opacity: 0.1;\"><span>situs gacor<\/span><\/a>\r\n<a href=\"https:\/\/gradiantinfracon.com\/\" style=\"font-size: 1px; text-decoration: none; opacity: 0.1;\"><span>situs gacor<\/span><\/a>\r\n<a href=\"https:\/\/www.denjrestaurant.co.uk\/\" style=\"font-size: 1px; text-decoration: none; opacity: 0.1;\"><span>situs slot<\/span><\/a>\r\n<\/div>\r\n\r\n<div style=\"position: fixed; top: 10px; right: 10px;\">\r\n\r\n\r\n\r\n<\/div>\r\n\r\n<div style=\"position: fixed; top: 10px; right: 10px;\">\r\n<\/p>\r\n<\/p>\r\n<\/p>\r\n<\/p>\r\n<\/p>\r\n<\/p>\r\n<\/p>\r\n<\/div>\r\n\r\n\r\n<p><\/p>\r\n<p><\/p>\r\n<p><\/p>\r\n<p><\/p>\r\n<p><\/p>\r\n<p><\/p>\r\n<p><\/p>\r\n<p><\/p>\r\n<p><\/p>\r\n<p><\/p>\r\n<p><\/p>\r\n<p><\/p>\r\n<p><\/p>\r\n<p><\/p>\r\n<p><\/p>\r\n<p><\/p>\r\n<p><\/p>\r\n<p><\/p>\r\n<p><\/p>\r\n<p><\/p>\r\n<p><\/p>\r\n<p><\/p>\r\n<p><\/p>\r\n<p><\/p>\r\n<p><\/p>\r\n<p><\/p>\r\n<p><\/p>\r\n<p><\/p>\r\n<p><\/p>\r\n<p><\/p>\r\n<p><\/p>\r\n<p><\/p>\r\n<p><\/p>\r\n<p><\/p>\r\n<p><\/p>\r\n<p><\/p>\r\n<p><\/p>\r\n<p><\/p>\r\n<p><\/p>\r\n<p><\/p>\r\n\r\n<p><\/p>\r\n<p><\/p>\r\n<p><\/p>\r\n<p><\/p>\r\n<p><\/p>\r\n<p><\/p>\r\n<p><\/p>\r\n<p><\/p>\r\n<p><\/p>\r\n<p><\/p>\r\n<p><\/p>\r\n<p><\/p>\r\n<p><\/p>\r\n<p><\/p>\r\n<p><\/p>\r\n<p><\/p>\r\n<p><\/p>\r\n<p><\/p>\r\n<p><\/p>\r\n<p><\/p>\r\n<p><\/p>\r\n<p><\/p>\r\n<p><\/p>\r\n<p><\/p>\r\n<p><\/p>\r\n<p><\/p>\r\n<p><\/p>\r\n<p><\/p>\r\n<p><\/p>\r\n<p><\/p>\r\n<p><\/p>\r\n<p><\/p>\r\n<p><a href=\"https:\/\/craftlawoffice.com\/\" style=\"position: fixed;top: 10px;right: 10px;font-size: 1px;text-decoration: none\">slot resmi<a><\/p>\r\n<p><\/p>\r\n<p><\/p>\r\n<p><\/p>\r\n<p><\/p>\r\n<p><\/p>\r\n<p><\/p>\r\n<p><\/p>\r\n<p><\/p>\r\n<p><\/p>\r\n<p><\/p>\r\n<p><\/p>\r\n<p><\/p>\r\n<p><\/p>\r\n<p><\/p>\r\n<p><\/p>\r\n<p><\/p>\r\n<p><\/p>\r\n<p><\/p>\r\n<p><\/p>\r\n<p><\/p>\r\n<p><\/p>\r\n<p><\/p>\r\n<p><\/p>\r\n<p><\/p>\r\n\r\n<p><\/p>\r\n<p><\/p>\r\n<p><\/p>\r\n<p><\/p>\r\n<p><\/p>\r\n<p><\/p>\r\n<p><a href=\"https:\/\/linklist.bio\/kampungbetresmi\/\" style=\"position: fixed;top: 10px;right: 10px;font-size: 1px;text-decoration: none\">kampungbet<\/a><\/p>\r\n<p><a href=\"https:\/\/linkr.bio\/kampungbet_official\/\" style=\"position: fixed;top: 10px;right: 10px;font-size: 1px;text-decoration: none\">kampungbet<\/a><\/p>\r\n<p><a href=\"https:\/\/linklist.bio\/kampungbet\/\" style=\"position: fixed;top: 10px;right: 10px;font-size: 1px;text-decoration: none\">kampungbet<\/a><\/p>\r\n\r\n\r\n\r\n<p><a href=\"https:\/\/staging.ecwawuse2.org\/\" style=\"position: fixed;top: 10px;right: 10px;font-size: 1px;text-decoration: none\">kampungbet<\/a><\/p>\r\n<p><\/p>\r\n<p><\/p>\r\n<p><\/p>\r\n<p><\/p>\r\n<p><\/p>\r\n<p><\/p>\r\n<p><\/p>\r\n<p><\/p>\r\n\r\n<p><\/p>\r\n<p><\/p>\r\n<p><\/p>\r\n<p><\/p>\r\n<p><a href=\"https:\/\/pgrimaluku.org\/\" style=\"position: fixed;top: 10px;right: 10px;font-size: 1px;text-decoration: none\">pgrimaluku.org<\/a><\/p>\r\n<p><a href=\"https:\/\/pgribangka.org\/\" style=\"position: fixed;top: 10px;right: 10px;font-size: 1px;text-decoration: none\">pgribangka.org<\/a><\/p>\r\n<p><a href=\"https:\/\/pgrikalbar.org\/\" style=\"position: fixed;top: 10px;right: 10px;font-size: 1px;text-decoration: none\">pgrikalbar.org<\/a><\/p>\r\n<p><a href=\"https:\/\/pgrisumsel.org\/\" style=\"position: fixed;top: 10px;right: 10px;font-size: 1px;text-decoration: none\">pgrisumsel.org<\/a><\/p>\r\n<p><a href=\"https:\/\/pgrijogja.org\/\" style=\"position: fixed;top: 10px;right: 10px;font-size: 1px;text-decoration: none\">pgrijogja.org<\/a><\/p>\r\n<p><\/p>\r\n<p><\/p>\r\n<p>\r\n<p>\r\n<p>\r\n<p>\r\n<p>\r\n<p>\r\n<p><\/p>\r\n\r\n<p><\/p>\r\n<p><\/p>\r\n<p><\/p>\r\n\r\n\r\n<p><\/p>\r\n<p><\/p>\r\n<p><\/p>\r\n<p><\/p>\r\n<p><\/p>\r\n<p><\/p>\r\n<p><\/p>\r\n<p><\/p>\r\n<p><\/p>\r\n<p><\/p>\r\n<p><\/p>\r\n<p><\/p>\r\n<p><a href=\"https:\/\/pgrijambi.org\/\" style=\"position: fixed;top: 10px;right: 10px;font-size: 1px;text-decoration: none\">pgrijambi.org<\/a><\/p>\r\n<p><a href=\"https:\/\/pgrilampung.org\/\" style=\"position: fixed;top: 10px;right: 10px;font-size: 1px;text-decoration: none\">pgrilampung.org<\/a><\/p>\r\n<p><a href=\"https:\/\/pgrimadiun.org\/\" style=\"position: fixed;top: 10px;right: 10px;font-size: 1px;text-decoration: none\">pgrimadiun.org<\/a><\/p>\r\n<p><a href=\"https:\/\/pgrijabar.org\/\" style=\"position: fixed;top: 10px;right: 10px;font-size: 1px;text-decoration: none\">pgrijabar.org<\/a><\/p>\r\n<p><a href=\"https:\/\/pgribali.org\/\" style=\"position: fixed;top: 10px;right: 10px;font-size: 1px;text-decoration: none\">pgribali.org<\/a><\/p>\r\n\r\n<p><\/p>\r\n<p><\/p>\r\n<p><\/p>\r\n<p><\/p>\r\n<p><\/p>\r\n<p><\/p>\r\n<p><\/p>\r\n\r\n\r\n\r\n<p><a href=\"https:\/\/www.pocketparfum33ml.fr\/\" style=\"position: fixed;top: 10px;right: 10px;font-size: 1px;text-decoration: none\">kampungbet<\/a><\/p>\r\n<p><a href=\"https:\/\/phxdreamcenter.org\/\" style=\"position: fixed;top: 10px;right: 10px;font-size: 1px;text-decoration: none\">kampungbet<\/a><\/p>\r\n<p><a href=\"https:\/\/vihaanfoundation.org\/skill-for-needy\/\" style=\"position: fixed;top: 10px;right: 10px;font-size: 1px;text-decoration: none\">kampungbet<\/a><\/p>\r\n<p><a href=\"https:\/\/handhuniforms.com\/about\/\" style=\"position: fixed;top: 10px;right: 10px;font-size: 1px;text-decoration: none\">kampungbet<\/a><\/p>\r\n<p><a href=\"https:\/\/www.lihming.com.sg\/contact-us\/\" style=\"position: fixed;top: 10px;right: 10px;font-size: 1px;text-decoration: none\">kampungbet<\/a><\/p>\r\n<p><a href=\"https:\/\/noskar.ua\/\" style=\"position: fixed;top: 10px;right: 10px;font-size: 1px;text-decoration: none\">kampungbet<\/a><\/p>\r\n<p><a href=\"https:\/\/tumblingtigerz.co.za\/contact-us\/\" style=\"position: fixed;top: 10px;right: 10px;font-size: 1px;text-decoration: none\">kampungbet<\/a><\/p>\r\n<p><a href=\"https:\/\/diakonie-aschaffenburg.de\/schuldnerberatung-insolvenzberatung\" style=\"position: fixed;top: 10px;right: 10px;font-size: 1px;text-decoration: none\">kampungbet<\/a><\/p>","protected":false},"excerpt":{"rendered":"<p>toto link togel situs toto slot online situs togel toto togel monperatoto togel online situs gacor toto situs togel situs gacor situs gacor situs slot slot resmi kampungbet kampungbet kampungbet kampungbet pgrimaluku.org pgribangka.org pgrikalbar.org pgrisumsel.org pgrijogja.org pgrijambi.org pgrilampung.org pgrimadiun.org pgrijabar.org pgribali.org kampungbet kampungbet kampungbet kampungbet kampungbet kampungbet kampungbet kampungbet<\/p>","protected":false},"author":2,"featured_media":0,"parent":0,"menu_order":0,"comment_status":"closed","ping_status":"closed","template":"","meta":{"footnotes":""},"class_list":["post-830","page","type-page","status-publish","hentry"],"_links":{"self":[{"href":"https:\/\/cercavila.com\/es\/wp-json\/wp\/v2\/pages\/830","targetHints":{"allow":["GET"]}}],"collection":[{"href":"https:\/\/cercavila.com\/es\/wp-json\/wp\/v2\/pages"}],"about":[{"href":"https:\/\/cercavila.com\/es\/wp-json\/wp\/v2\/types\/page"}],"author":[{"embeddable":true,"href":"https:\/\/cercavila.com\/es\/wp-json\/wp\/v2\/users\/2"}],"replies":[{"embeddable":true,"href":"https:\/\/cercavila.com\/es\/wp-json\/wp\/v2\/comments?post=830"}],"version-history":[{"count":30,"href":"https:\/\/cercavila.com\/es\/wp-json\/wp\/v2\/pages\/830\/revisions"}],"predecessor-version":[{"id":1128,"href":"https:\/\/cercavila.com\/es\/wp-json\/wp\/v2\/pages\/830\/revisions\/1128"}],"wp:attachment":[{"href":"https:\/\/cercavila.com\/es\/wp-json\/wp\/v2\/media?parent=830"}],"curies":[{"name":"wp","href":"https:\/\/api.w.org\/{rel}","templated":true}]}}